{"id":390,"date":"2019-08-03T18:57:50","date_gmt":"2019-08-03T21:57:50","guid":{"rendered":"http:\/\/td_uid_4_5d46035ec002d"},"modified":"2019-08-03T18:57:50","modified_gmt":"2019-08-03T21:57:50","slug":"homepage-blog","status":"publish","type":"page","link":"https:\/\/fotossurf.com.br\/surf\/homepage-blog\/","title":{"rendered":"Homepage &#8211; Blog"},"content":{"rendered":"<div id=\"td_uid_1_69de59604abc0\" class=\"tdc-row\"><div class=\"vc_row td_uid_1_69de59604ac27_rand  wpb_row td-pb-row\" >\n<style scoped>\n\n\/* custom css *\/\n.td_uid_1_69de59604ac27_rand {\r\n                    min-height: 0;\r\n                }\n<\/style><div class=\"vc_column td_uid_2_69de59604bc11_rand  wpb_column vc_column_container tdc-column td-pb-span12\">\n<style scoped>\n\n\/* custom css *\/\n.td_uid_2_69de59604bc11_rand {\r\n                    vertical-align: baseline;\r\n                }\n<\/style><div class=\"wpb_wrapper\"><div class=\"td_block_wrap td_block_big_grid_4 td_uid_3_69de59604c10c_rand td-grid-style-1 td-hover-1 td-big-grids td-pb-border-top td_block_template_1\"  data-td-block-uid=\"td_uid_3_69de59604c10c\" ><div id=td_uid_3_69de59604c10c class=\"td_block_inner\"><div class=\"td-big-grid-wrapper\">\r\n        <div class=\"td_module_mx5 td-animation-stack td-big-grid-post-0 td-big-grid-post td-big-thumb\">\r\n            <div class=\"td-module-thumb\"><a href=\"https:\/\/fotossurf.com.br\/surf\/express-recipes-how-to-make-creamy-papaya-raita\/\" rel=\"bookmark\" class=\"td-image-wrap\" title=\"As melhores FotoSurf das Olimp\u00edadas\"><img width=\"534\" height=\"462\" class=\"entry-thumb\" src=\"https:\/\/fotossurf.com.br\/surf\/wp-content\/uploads\/2019\/08\/15-534x462.jpg\"   alt=\"\" title=\"As melhores FotoSurf das Olimp\u00edadas\" \/><\/a><\/div>            <div class=\"td-meta-info-container\">\r\n                <div class=\"td-meta-align\">\r\n                    <div class=\"td-big-grid-meta\">\r\n                        <a href=\"https:\/\/fotossurf.com.br\/surf\/category\/competicoes-surf\/viagens\/\" class=\"td-post-category\">Viagens<\/a>                        <h3 class=\"entry-title td-module-title\"><a href=\"https:\/\/fotossurf.com.br\/surf\/express-recipes-how-to-make-creamy-papaya-raita\/\" rel=\"bookmark\" title=\"As melhores FotoSurf das Olimp\u00edadas\">As melhores FotoSurf das Olimp\u00edadas<\/a><\/h3>                    <\/div>\r\n                    <div class=\"td-module-meta-info\">\r\n                        <span class=\"td-post-author-name\"><a href=\"https:\/\/fotossurf.com.br\/surf\/author\/fotosurf-surf\/\">FotoSurf.Surf<\/a> <span>-<\/span> <\/span>                        <span class=\"td-post-date\"><time class=\"entry-date updated td-module-date\" datetime=\"2019-08-03T18:57:52+00:00\" >3 de agosto de 2019<\/time><\/span>                    <\/div>\r\n                <\/div>\r\n            <\/div>\r\n\r\n        <\/div>\r\n\r\n        \r\n        <div class=\"td_module_mx5 td-animation-stack td-big-grid-post-1 td-big-grid-post td-big-thumb\">\r\n            <div class=\"td-module-thumb\"><a href=\"https:\/\/fotossurf.com.br\/surf\/robots-helped-inspire-deep-learning-might-become\/\" rel=\"bookmark\" class=\"td-image-wrap\" title=\"Confira a transmiss\u00e3o ao vivo do Vans US Open of Surfing, QS 10.000 que acontece na Calif\u00f3rnia (EUA).\"><img width=\"534\" height=\"343\" class=\"entry-thumb\" src=\"https:\/\/fotossurf.com.br\/surf\/wp-content\/uploads\/2019\/08\/FotoSurf-Ao-Vivo-Vans-us-open-california-534x343.jpg\"   alt=\"Confira a transmiss\u00e3o ao vivo do Vans US Open of Surfing, QS 10.000 que acontece na Calif\u00f3rnia (EUA).\" title=\"Confira a transmiss\u00e3o ao vivo do Vans US Open of Surfing, QS 10.000 que acontece na Calif\u00f3rnia (EUA).\" \/><span class=\"td-video-play-ico\"><img width=\"40\" height=\"40\" class=\"td-retina\" src=\"https:\/\/fotossurf.com.br\/surf\/wp-content\/plugins\/td-composer\/legacy\/Newspaper\/assets\/images\/icons\/ico-video-large.png\" alt=\"video\"\/><\/span><\/a><\/div>            <div class=\"td-meta-info-container\">\r\n                <div class=\"td-meta-align\">\r\n                    <div class=\"td-big-grid-meta\">\r\n                        <a href=\"https:\/\/fotossurf.com.br\/surf\/category\/competicoes-surf\/recipes\/\" class=\"td-post-category\">Recipes<\/a>                        <h3 class=\"entry-title td-module-title\"><a href=\"https:\/\/fotossurf.com.br\/surf\/robots-helped-inspire-deep-learning-might-become\/\" rel=\"bookmark\" title=\"Confira a transmiss\u00e3o ao vivo do Vans US Open of Surfing, QS 10.000 que acontece na Calif\u00f3rnia (EUA).\">Confira a transmiss\u00e3o ao vivo do Vans US Open of Surfing, QS 10.000 que acontece na Calif\u00f3rnia (EUA).<\/a><\/h3>                    <\/div>\r\n                    <div class=\"td-module-meta-info\">\r\n                        <span class=\"td-post-author-name\"><a href=\"https:\/\/fotossurf.com.br\/surf\/author\/fotosurf-surf\/\">FotoSurf.Surf<\/a> <span>-<\/span> <\/span>                        <span class=\"td-post-date\"><time class=\"entry-date updated td-module-date\" datetime=\"2019-08-03T18:57:52+00:00\" >3 de agosto de 2019<\/time><\/span>                    <\/div>\r\n                <\/div>\r\n            <\/div>\r\n\r\n        <\/div>\r\n\r\n        <\/div><div class=\"clearfix\"><\/div><\/div><\/div> <!-- .\/block -->[vc_column_text  el_class=&#8221;import_blog_quote&#8221;]\r\n<blockquote><strong>&#8220;<\/strong>Sometimes the simplest things are the most profound. My job is to bring out in people &amp; what they wouldn&#8217;t dare do themselves<strong>&#8220;<\/strong><\/blockquote>\r\n[\/vc_column_text]<\/div><\/div><\/div><\/div>","protected":false},"excerpt":{"rendered":"Viagens As melhores FotoSurf das Olimp\u00edadas FotoSurf.Surf - 3 de agosto de 2019 Recipes Confira a transmiss\u00e3o ao vivo do Vans US Open of Surfing, QS 10.000 que acontece na Calif\u00f3rnia (EUA). FotoSurf.Surf - 3 de agosto de 2019 [vc_column_text el_class=\"import_blog_quote\"] \"Sometimes the simplest things are the most profound. My job is to bring out [...]","protected":false},"author":1,"featured_media":0,"parent":0,"menu_order":0,"comment_status":"open","ping_status":"closed","template":"page-pagebuilder-latest.php","meta":{"footnotes":""},"_links":{"self":[{"href":"https:\/\/fotossurf.com.br\/surf\/wp-json\/wp\/v2\/pages\/390"}],"collection":[{"href":"https:\/\/fotossurf.com.br\/surf\/wp-json\/wp\/v2\/pages"}],"about":[{"href":"https:\/\/fotossurf.com.br\/surf\/wp-json\/wp\/v2\/types\/page"}],"author":[{"embeddable":true,"href":"https:\/\/fotossurf.com.br\/surf\/wp-json\/wp\/v2\/users\/1"}],"replies":[{"embeddable":true,"href":"https:\/\/fotossurf.com.br\/surf\/wp-json\/wp\/v2\/comments?post=390"}],"version-history":[{"count":0,"href":"https:\/\/fotossurf.com.br\/surf\/wp-json\/wp\/v2\/pages\/390\/revisions"}],"wp:attachment":[{"href":"https:\/\/fotossurf.com.br\/surf\/wp-json\/wp\/v2\/media?parent=390"}],"curies":[{"name":"wp","href":"https:\/\/api.w.org\/{rel}","templated":true}]}}